{"id":29478,"date":"2024-10-21T14:10:07","date_gmt":"2024-10-21T12:10:07","guid":{"rendered":"https:\/\/melindadancecompany.com\/?page_id=29478"},"modified":"2024-10-21T14:10:23","modified_gmt":"2024-10-21T12:10:23","slug":"protection-des-donnees","status":"publish","type":"page","link":"https:\/\/melindadancecompany.com\/ja\/protection-des-donnees\/","title":{"rendered":"Protection des donn\u00e9es"},"content":{"rendered":"<p>[et_pb_section fb_built=\u00a0\u00bb1&Prime; theme_builder_area=\u00a0\u00bbpost_content\u00a0\u00bb _builder_version=\u00a0\u00bb4.27.2&Prime; _module_preset=\u00a0\u00bbdefault\u00a0\u00bb][et_pb_row _builder_version=\u00a0\u00bb4.27.2&Prime; _module_preset=\u00a0\u00bbdefault\u00a0\u00bb theme_builder_area=\u00a0\u00bbpost_content\u00a0\u00bb][et_pb_column _builder_version=\u00a0\u00bb4.27.2&Prime; _module_preset=\u00a0\u00bbdefault\u00a0\u00bb type=\u00a0\u00bb4_4&Prime; theme_builder_area=\u00a0\u00bbpost_content\u00a0\u00bb][et_pb_text _builder_version=\u00a0\u00bb4.27.2&Prime; _module_preset=\u00a0\u00bbdefault\u00a0\u00bb theme_builder_area=\u00a0\u00bbpost_content\u00a0\u00bb hover_enabled=\u00a0\u00bb0&Prime; sticky_enabled=\u00a0\u00bb0&Prime; text_text_color=\u00a0\u00bb#000000&Prime; header_text_color=\u00a0\u00bb#000000&Prime; custom_margin=\u00a0\u00bb3rem||||false|false\u00a0\u00bb header_2_text_color=\u00a0\u00bb#000000&Prime; header_3_text_color=\u00a0\u00bb#000000&Prime; link_text_color=\u00a0\u00bb#000000&Prime;]<\/p>\n<h1>D\u00e9claration de protection des donn\u00e9es<\/h1>\n<h2>Qui sommes-nous\u00a0?<\/h2>\n<ul>\n<li>Raison sociale : Melinda Dance Compagny;<\/li>\n<li>R\u00f4le\u00a0: responsable du traitement\u00a0;<\/li>\n<li>Adresse de site : https:\/\/melindadancecompany.com\/<a href=\"https:\/\/melindadancecompany.com\/\"><\/a> ;<\/li>\n<li>Responsable : Melinda Stampfli ;<\/li>\n<li>Contact :<span>\u00a0<\/span><a href=\"mailto:info@yetinc.ch\">info@melindadancecompany.com<\/a>.<\/li>\n<\/ul>\n<h2>Pourquoi cette d\u00e9claration de protection des donn\u00e9es\u00a0?<\/h2>\n<p>La l\u00e9gislation sur la protection des donn\u00e9es prot\u00e8ge les personnes contre une utilisation inappropri\u00e9e de leurs donn\u00e9es personnelles.<\/p>\n<p>Elle oblige les responsables des traitements \u00e0\u00a0:<\/p>\n<ul>\n<li>Agir en transparence vis-\u00e0-vis des personnes concern\u00e9es notamment en les informant des traitements de donn\u00e9es personnelles effectu\u00e9s\u00a0;<\/li>\n<li>Limiter le traitement des donn\u00e9es personnelles au strict n\u00e9cessaire\u00a0;<\/li>\n<li>Prendre les mesures appropri\u00e9es afin de prot\u00e9ger les donn\u00e9es personnelles contre un emploi abusif de celles-ci\u00a0;<\/li>\n<li>Rappeler aux personnes concern\u00e9es leurs droits s\u2019agissant du traitement de leurs donn\u00e9es personnelles.<\/li>\n<\/ul>\n<h2>A quelles l\u00e9gislations notre entreprise est-elle soumise\u00a0?<\/h2>\n<p>En tant qu\u2019entreprise priv\u00e9e dont le si\u00e8ge est en Suisse, notre entreprise est soumise \u00e0 la loi f\u00e9d\u00e9rale sur la protection des donn\u00e9es (<a href=\"https:\/\/www.fedlex.admin.ch\/eli\/cc\/2022\/491\/fr\">LPD 235.1 RS<\/a>).<\/p>\n<p>Dans la mesure o\u00f9 nous sommes susceptibles de collecter des donn\u00e9es personnelles relatives \u00e0 des personnes qui r\u00e9sident sur le territoire europ\u00e9en, nous sommes aussi tenus de respecter la l\u00e9gislation europ\u00e9enne en la mati\u00e8re telle qu\u2019elle figure dans le r\u00e8glement g\u00e9n\u00e9ral sur la protection des donn\u00e9es (<a href=\"https:\/\/eur-lex.europa.eu\/legal-content\/FR\/TXT\/PDF\/?uri=CELEX:32016R0679\">RGPD 2016\/679 EUR-LEX)<\/a>.<\/p>\n<h2>Qui est \u00e9galement susceptible d\u2019acc\u00e9der aux donn\u00e9es personnelles\u00a0?<\/h2>\n<p>&nbsp;<\/p>\n<p><u>H\u00e9bergeur de donn\u00e9es\u00a0:<\/u><\/p>\n<ul>\n<li>Raison sociale :<span>\u00a0<\/span><span>Infomaniak Network SA<\/span><span>\u00a0<\/span>;<\/li>\n<li>R\u00f4le\u00a0: sous-traitant\u00a0;<\/li>\n<li>Adresse de site : https:\/\/infomaniak.com ;<\/li>\n<li>Adresse postale : Rue Eug\u00e8ne Marziano 25, 1227 Les Acacias (GE);<\/li>\n<li>Responsable :<span>\u00a0<\/span><strong>Johann Laqua<\/strong><span>, Data Protection Officer (DPO)<\/span><span>\u00a0<\/span>;<\/li>\n<li>Contact :<span>\u00a0<\/span><a href=\"https:\/\/www.infomaniak.com\/fr\/chatbot\">https:\/\/www.infomaniak.com\/fr\/chatbot<\/a><span>\u00a0<\/span>;<\/li>\n<li>D\u00e9claration de protection des donn\u00e9es :<span>\u00a0<\/span><a href=\"https:\/\/www.infomaniak.com\/fr\/cgv\/reglement-general-protection-donnees\">https:\/\/www.infomaniak.com\/fr\/cgv\/reglement-general-protection-donnees<\/a><span>\u00a0<\/span>.<\/li>\n<\/ul>\n<p>Le site et les donn\u00e9es personnelles sont h\u00e9berg\u00e9es chez<span>\u00a0<\/span><a href=\"https:\/\/infomaniak.com\/\">https:\/\/infomaniak.com.<\/a><\/p>\n<p><u>Analyseur de mail<\/u><\/p>\n<ul>\n<li>Raison sociale : Akismet ;<\/li>\n<li>R\u00f4le\u00a0: sous-traitant\u00a0;<\/li>\n<li>Adresse de site\u00a0:<span>\u00a0<\/span><a href=\"https:\/\/akismet.com\/\">https:\/\/akismet.com\/<\/a><span>\u00a0<\/span>;<\/li>\n<\/ul>\n<p>La soci\u00e9t\u00e9 Akismet fournit un service en ligne qui permet de se pr\u00e9munir contre les courriers \u00e9lectroniques ind\u00e9sirables.<\/p>\n<p>Toutes ces soci\u00e9t\u00e9s participent au traitement de vos donn\u00e9es personnelles. Elles sont \u00e9galement soumises \u00e0 la l\u00e9gislation f\u00e9d\u00e9rale sur la protection des donn\u00e9es et ont l\u2019obligation de respecter les devoirs des sous-traitants en mati\u00e8re de protection des donn\u00e9es personnelles. (particuli\u00e8rement<span>\u00a0<\/span><a href=\"https:\/\/www.fedlex.admin.ch\/eli\/cc\/2022\/491\/fr#art_9\">art. 9 LPD<\/a>)<\/p>\n<p>Nous avons v\u00e9rifi\u00e9 que \u00e7a soit bien le cas.<\/p>\n<h2>Dans quels buts collectons-nous des donn\u00e9es personnelles\u00a0?<\/h2>\n<p><u>Donn\u00e9es personnelles<\/u><\/p>\n<p>Nous collectons un minimum de donn\u00e9es personnelles qui nous permettent de respecter nos obligations en tant que responsable d\u2019un site Internet. En effet, nous devons \u00eatre capables de savoir quelles sont les adresses web (URL) qui se sont connect\u00e9es \u00e0 notre site dans les situations d\u2019un usage non-respectueux ou frauduleux de notre site.<\/p>\n<p><u>Cookies<\/u><\/p>\n<p>Notre usage des cookies est essentiellement d\u2019analyser l\u2019utilisation du site et d\u2019\u00e9tablir des statistiques \u00e0 ce sujet afin de fournir des \u00e9l\u00e9ments de connaissance sur nos visiteurs et d\u2019apporter des am\u00e9liorations \u00e0 la navigation.<\/p>\n<p><u>Commentaires<\/u><\/p>\n<p>Un commentaire est un moyen simple mis \u00e0 disposition des visiteurs pour nous transmettre librement des informations. C\u2019est un texte libre o\u00f9 chacun peut nous communiquer des informations utiles en vue d\u2019une interaction avec nous, quelle qu\u2019elle soit.<\/p>\n<h2>Quelles donn\u00e9es personnelles sont collect\u00e9es sur notre site Internet\u00a0?<\/h2>\n<p><u>Cookies<\/u><\/p>\n<p>Ce site Internet utilise des cookies. Les cookies sont de petits fichiers textes qui sont cr\u00e9\u00e9s automatiquement et enregistr\u00e9s sur votre ordinateur lors de votre visite sur notre site, ceci de fa\u00e7on temporaire ou durable.<\/p>\n<p>\u00c0 tout moment, vous pouvez d\u00e9sactiver les cookies dans les param\u00e8tres de votre navigateur web, partiellement ou en totalit\u00e9. En d\u00e9sactivant les cookies, certaines fonctionnalit\u00e9s de ce site peuvent \u00e9ventuellement ne plus \u00eatre disponibles.<\/p>\n<p>Lorsque vous vous connecterez, nous mettrons en place un certain nombre de cookies pour enregistrer vos informations de connexion et vos pr\u00e9f\u00e9rences d\u2019affichage. La dur\u00e9e de vie d\u2019un cookie de connexion est d\u2019un maximum de deux semaines, celle d\u2019un cookie d\u2019option d\u2019\u00e9cran est d\u2019un an.<\/p>\n<p>Il existe diff\u00e9rentes cat\u00e9gories de cookies. Ceux qui collectent des donn\u00e9es personnelles sont\u00a0:<\/p>\n<ul>\n<li>Les cookies analytiques\u00a0: ils stockent les donn\u00e9es de mani\u00e8re anonyme en fonction \u00a0\u00a0\u00a0\u00a0 d\u2019un num\u00e9ro g\u00e9n\u00e9r\u00e9 al\u00e9atoirement\u00a0; ils permettent de \u00a0\u00a0\u00a0\u00a0\u00a0\u00a0\u00a0\u00a0\u00a0 suivre la navigation du visiteur \u00e0 l\u2019int\u00e9rieur du site\u00a0;<\/li>\n<li>Les cookies publicitaires\u00a0: ils permettent de contr\u00f4ler, limiter voire stopper l\u2019affichage \u00a0\u00a0\u00a0\u00a0\u00a0\u00a0\u00a0\u00a0\u00a0\u00a0\u00a0\u00a0\u00a0\u00a0\u00a0\u00a0\u00a0\u00a0\u00a0\u00a0\u00a0\u00a0\u00a0\u00a0\u00a0\u00a0\u00a0\u00a0\u00a0\u00a0\u00a0\u00a0\u00a0\u00a0\u00a0\u00a0\u00a0\u00a0\u00a0\u00a0\u00a0\u00a0\u00a0\u00a0\u00a0\u00a0\u00a0\u00a0\u00a0 d\u2019annonces publicitaires par les navigateurs\u00a0;<\/li>\n<\/ul>\n<p><u>Commentaire<\/u><\/p>\n<p>Quand vous laissez un texte sur notre site, l\u2019identifiant de votre navigateur (agent utilisateur), votre adresse IP ainsi que le contenu de votre commentaire sont collect\u00e9es afin de faciliter la d\u00e9tection des propos ind\u00e9sirables. En effet, votre commentaire ne doit pas contenir de propos injurieux, offensants, obsc\u00e8nes ou incitant \u00e0 la haine.<\/p>\n<p>Chaque personne qui saisit un commentaire en y est incluant des donn\u00e9es personnelles est responsable de ce qu\u2019elle a saisi. Il est vivement recommand\u00e9 de ne faire figurer qu\u2019un minimum de donn\u00e9es personnelles et de ne mentionner aucune informations sensibles (par exemple, des donn\u00e9es de sant\u00e9, des donn\u00e9es sur sa situation sociale, des opinions politiques ou religieuses).<\/p>\n<p>Les donn\u00e9es saisies sont envoy\u00e9es \u00e0 l\u2019analyseur de contenu afin de v\u00e9rifier le texte que vous avez saisi.<\/p>\n<p><u>Images et vid\u00e9os<\/u><\/p>\n<p>Afin de vous prot\u00e9ger et de prot\u00e9ger des tiers, si vous ajoutez \u00e0 notre site des images ou des vid\u00e9os, nous vous conseillons d\u2019\u00e9viter que celles-ci contiennent des m\u00e9tadonn\u00e9es (EXIF) qui peuvent inclure des \u00e9l\u00e9ments d\u2019identification de personnes ou de lieux (coordonn\u00e9es GPS).<\/p>\n<h2>Y a-t-il des contenus provenant d\u2019autres sites\u00a0?<\/h2>\n<p>Notre site peut \u00e9ventuellement int\u00e9grer des contenus provenant d\u2019autres sites (par exemple, des vid\u00e9os, des images, des articles, etc.). Les contenus int\u00e9gr\u00e9s depuis d\u2019autres sites se comportent de la m\u00eame mani\u00e8re que si le visiteur se rendait sur les autres sites.<\/p>\n<p>Si vous disposez d\u2019un compte connect\u00e9 sur ces sites tiers, ceux-ci pourraient alors collecter des donn\u00e9es sur vous, utiliser des cookies, embarquer des outils de suivis, suivre vos interactions avec ces contenus embarqu\u00e9s.<\/p>\n<p>L\u2019acc\u00e8s \u00e0 un site tiers ne se fait pas \u00e0 l\u2019insu des visiteurs de notre site. Vous pourrez vous prononcer alors sur l\u2019utilisation par ce site tiers de cookies vous concernant.<\/p>\n<h2>O\u00f9 vos donn\u00e9es sont-elles stock\u00e9es\u00a0?<\/h2>\n<p>Vos donn\u00e9es sont stock\u00e9es en Suisse.<\/p>\n<h2>Quelles entit\u00e9s tierces acc\u00e8dent \u00e0 vos donn\u00e9es\u00a0?<\/h2>\n<p>Les commentaires des visiteurs peuvent \u00eatre v\u00e9rifi\u00e9s \u00e0 l\u2019aide du service automatis\u00e9 de d\u00e9tection des commentaires ind\u00e9sirables auquel nous avons recours.<\/p>\n<h2>Pendant combien de temps vos donn\u00e9es personnelles sont-elles conserv\u00e9es\u00a0?<\/h2>\n<p>Si vous laissez un commentaire, celui-ci ainsi que ses m\u00e9tadonn\u00e9es seront conserv\u00e9s ind\u00e9finiment. Cela permet de reconna\u00eetre et approuver automatiquement vos prochains commentaires au lieu de les laisser dans la file de mod\u00e9ration.<\/p>\n<p>Pour les comptes qui s\u2019inscrivent sur notre site, le cas \u00e9ch\u00e9ant, nous stockons \u00e9galement les donn\u00e9es personnelles indiqu\u00e9es dans leur profil, \u00e0 savoir\u00a0:<\/p>\n<ul>\n<li>Nom, pr\u00e9nom, adresse, NPA, localit\u00e9, pays.<\/li>\n<\/ul>\n<p>Les personnes disposant d\u2019un compte sur notre site peuvent voir, modifier ou supprimer leurs informations personnelles \u00e0 tout moment d\u2019une mani\u00e8re autonome \u00e0 l\u2019exception de leur identifiant. Les gestionnaires du site peuvent aussi voir et modifier ces informations personnelles pour le compte de l\u2019internaute.<\/p>\n<h2>Quels sont vos droits sur vos donn\u00e9es personnelles\u00a0?<\/h2>\n<p>Pour chaque personne, la l\u00e9gislation sur la protection des donn\u00e9es vise \u00e0\u00a0:<\/p>\n<ul>\n<li>Ce que chacun soit inform\u00e9 de toute collecte de donn\u00e9es personnelles le concernant\u00a0;<\/li>\n<li>Prot\u00e9ger chacun de tout traitement abusif de ses donn\u00e9es personnelles\u00a0;<\/li>\n<li>Favoriser l\u2019autod\u00e9termination informationnelle des personnes.<\/li>\n<\/ul>\n<p>Si vous avez un compte ou si vous avez laiss\u00e9 des commentaires sur le site, vous pouvez demander \u00e0 recevoir un document ou un fichier informatique contenant toutes les donn\u00e9es personnelles que nous poss\u00e9dons \u00e0 votre sujet.<\/p>\n<p>Vous pouvez demander aussi \u00e0 faire rectifier ou supprimer les donn\u00e9es personnelles vous concernant. Cela ne prend pas en compte les donn\u00e9es stock\u00e9es \u00e0 des fins administratives, l\u00e9gales ou pour des raisons de s\u00e9curit\u00e9.<\/p>\n<p>Enfin, vous avez aussi le droit de\u00a0:<\/p>\n<ul>\n<li>Faire restreindre l\u2019acc\u00e8s ou le traitement de vos donn\u00e9es, voire le stopper\u00a0;<\/li>\n<li>R\u00e9voquer votre consentement au traitement de vos donn\u00e9es personnelles\u00a0;<\/li>\n<li>Faire recours contre une d\u00e9cision\u00a0;<\/li>\n<li>Adresser une d\u00e9nonciation aupr\u00e8s du Pr\u00e9pos\u00e9 f\u00e9d\u00e9ral \u00e0 la protection des donn\u00e9es (<a href=\"https:\/\/www.edoeb.admin.ch\/edoeb\/fr\/home\/deredoeb\/kontakt\/anzeigeformular_dritte.html\">PFPDT\u00a0: Formulaire d\u2019annonce en ligne<\/a>)\u00a0;<\/li>\n<li>D\u00e9poser plainte aupr\u00e8s de l\u2019autorit\u00e9 cantonale comp\u00e9tente.<\/li>\n<\/ul>\n<h2>Quelque chose n\u2019est pas clair pour vous\u00a0?<\/h2>\n<p>Si certaines de vos questions ne trouvent pas r\u00e9ponse dans cette d\u00e9claration, nous sommes \u00e0 votre disposition pour y r\u00e9pondre et nous vous invitons alors \u00e0 nous contacter.<\/p>\n<p>[\/et_pb_text][\/et_pb_column][\/et_pb_row][\/et_pb_section]<\/p>\n","protected":false},"excerpt":{"rendered":"<p>D\u00e9claration de protection des donn\u00e9es Qui sommes-nous\u00a0? Raison sociale : Melinda Dance Compagny; R\u00f4le\u00a0: responsable du traitement\u00a0; Adresse de site : https:\/\/melindadancecompany.com\/ ; Responsable : Melinda Stampfli ; Contact :\u00a0info@melindadancecompany.com. [&hellip;]<\/p>\n","protected":false},"author":1,"featured_media":0,"parent":0,"menu_order":0,"comment_status":"closed","ping_status":"closed","template":"","meta":{"_et_pb_use_builder":"on","_et_pb_old_content":"","_et_gb_content_width":"","footnotes":""},"class_list":["post-29478","page","type-page","status-publish","hentry"],"yoast_head":"<!-- This site is optimized with the Yoast SEO plugin v27.5 - https:\/\/yoast.com\/product\/yoast-seo-wordpress\/ -->\n<title>Protection des donn\u00e9es - Melinda Dance Company<\/title>\n<meta name=\"robots\" content=\"index, follow, max-snippet:-1, max-image-preview:large, max-video-preview:-1\" \/>\n<link rel=\"canonical\" href=\"https:\/\/melindadancecompany.com\/ja\/protection-des-donnees\/\" \/>\n<meta property=\"og:locale\" content=\"ja_JP\" \/>\n<meta property=\"og:type\" content=\"article\" \/>\n<meta property=\"og:title\" content=\"Protection des donn\u00e9es - Melinda Dance Company\" \/>\n<meta property=\"og:description\" content=\"D\u00e9claration de protection des donn\u00e9es Qui sommes-nous\u00a0? Raison sociale : Melinda Dance Compagny; R\u00f4le\u00a0: responsable du traitement\u00a0; Adresse de site : https:\/\/melindadancecompany.com\/ ; Responsable : Melinda Stampfli ; Contact :\u00a0info@melindadancecompany.com. [&hellip;]\" \/>\n<meta property=\"og:url\" content=\"https:\/\/melindadancecompany.com\/ja\/protection-des-donnees\/\" \/>\n<meta property=\"og:site_name\" content=\"Melinda Dance Company\" \/>\n<meta property=\"article:modified_time\" content=\"2024-10-21T12:10:23+00:00\" \/>\n<meta name=\"twitter:card\" content=\"summary_large_image\" \/>\n<script type=\"application\/ld+json\" class=\"yoast-schema-graph\">{\"@context\":\"https:\\\/\\\/schema.org\",\"@graph\":[{\"@type\":\"WebPage\",\"@id\":\"https:\\\/\\\/melindadancecompany.com\\\/protection-des-donnees\\\/\",\"url\":\"https:\\\/\\\/melindadancecompany.com\\\/protection-des-donnees\\\/\",\"name\":\"Protection des donn\u00e9es - Melinda Dance Company\",\"isPartOf\":{\"@id\":\"https:\\\/\\\/melindadancecompany.com\\\/#website\"},\"datePublished\":\"2024-10-21T12:10:07+00:00\",\"dateModified\":\"2024-10-21T12:10:23+00:00\",\"breadcrumb\":{\"@id\":\"https:\\\/\\\/melindadancecompany.com\\\/protection-des-donnees\\\/#breadcrumb\"},\"inLanguage\":\"ja\",\"potentialAction\":[{\"@type\":\"ReadAction\",\"target\":[\"https:\\\/\\\/melindadancecompany.com\\\/protection-des-donnees\\\/\"]}]},{\"@type\":\"BreadcrumbList\",\"@id\":\"https:\\\/\\\/melindadancecompany.com\\\/protection-des-donnees\\\/#breadcrumb\",\"itemListElement\":[{\"@type\":\"ListItem\",\"position\":1,\"name\":\"Accueil\",\"item\":\"https:\\\/\\\/melindadancecompany.com\\\/\"},{\"@type\":\"ListItem\",\"position\":2,\"name\":\"Protection des donn\u00e9es\"}]},{\"@type\":\"WebSite\",\"@id\":\"https:\\\/\\\/melindadancecompany.com\\\/#website\",\"url\":\"https:\\\/\\\/melindadancecompany.com\\\/\",\"name\":\"Melinda Dance Company\",\"description\":\"\",\"potentialAction\":[{\"@type\":\"SearchAction\",\"target\":{\"@type\":\"EntryPoint\",\"urlTemplate\":\"https:\\\/\\\/melindadancecompany.com\\\/?s={search_term_string}\"},\"query-input\":{\"@type\":\"PropertyValueSpecification\",\"valueRequired\":true,\"valueName\":\"search_term_string\"}}],\"inLanguage\":\"ja\"}]}<\/script>\n<!-- \/ Yoast SEO plugin. -->","yoast_head_json":{"title":"Protection des donn\u00e9es - Melinda Dance Company","robots":{"index":"index","follow":"follow","max-snippet":"max-snippet:-1","max-image-preview":"max-image-preview:large","max-video-preview":"max-video-preview:-1"},"canonical":"https:\/\/melindadancecompany.com\/ja\/protection-des-donnees\/","og_locale":"ja_JP","og_type":"article","og_title":"Protection des donn\u00e9es - Melinda Dance Company","og_description":"D\u00e9claration de protection des donn\u00e9es Qui sommes-nous\u00a0? Raison sociale : Melinda Dance Compagny; R\u00f4le\u00a0: responsable du traitement\u00a0; Adresse de site : https:\/\/melindadancecompany.com\/ ; Responsable : Melinda Stampfli ; Contact :\u00a0info@melindadancecompany.com. [&hellip;]","og_url":"https:\/\/melindadancecompany.com\/ja\/protection-des-donnees\/","og_site_name":"Melinda Dance Company","article_modified_time":"2024-10-21T12:10:23+00:00","twitter_card":"summary_large_image","schema":{"@context":"https:\/\/schema.org","@graph":[{"@type":"WebPage","@id":"https:\/\/melindadancecompany.com\/protection-des-donnees\/","url":"https:\/\/melindadancecompany.com\/protection-des-donnees\/","name":"Protection des donn\u00e9es - Melinda Dance Company","isPartOf":{"@id":"https:\/\/melindadancecompany.com\/#website"},"datePublished":"2024-10-21T12:10:07+00:00","dateModified":"2024-10-21T12:10:23+00:00","breadcrumb":{"@id":"https:\/\/melindadancecompany.com\/protection-des-donnees\/#breadcrumb"},"inLanguage":"ja","potentialAction":[{"@type":"ReadAction","target":["https:\/\/melindadancecompany.com\/protection-des-donnees\/"]}]},{"@type":"BreadcrumbList","@id":"https:\/\/melindadancecompany.com\/protection-des-donnees\/#breadcrumb","itemListElement":[{"@type":"ListItem","position":1,"name":"Accueil","item":"https:\/\/melindadancecompany.com\/"},{"@type":"ListItem","position":2,"name":"Protection des donn\u00e9es"}]},{"@type":"WebSite","@id":"https:\/\/melindadancecompany.com\/#website","url":"https:\/\/melindadancecompany.com\/","name":"Melinda Dance Company","description":"","potentialAction":[{"@type":"SearchAction","target":{"@type":"EntryPoint","urlTemplate":"https:\/\/melindadancecompany.com\/?s={search_term_string}"},"query-input":{"@type":"PropertyValueSpecification","valueRequired":true,"valueName":"search_term_string"}}],"inLanguage":"ja"}]}},"_links":{"self":[{"href":"https:\/\/melindadancecompany.com\/ja\/wp-json\/wp\/v2\/pages\/29478","targetHints":{"allow":["GET"]}}],"collection":[{"href":"https:\/\/melindadancecompany.com\/ja\/wp-json\/wp\/v2\/pages"}],"about":[{"href":"https:\/\/melindadancecompany.com\/ja\/wp-json\/wp\/v2\/types\/page"}],"author":[{"embeddable":true,"href":"https:\/\/melindadancecompany.com\/ja\/wp-json\/wp\/v2\/users\/1"}],"replies":[{"embeddable":true,"href":"https:\/\/melindadancecompany.com\/ja\/wp-json\/wp\/v2\/comments?post=29478"}],"version-history":[{"count":2,"href":"https:\/\/melindadancecompany.com\/ja\/wp-json\/wp\/v2\/pages\/29478\/revisions"}],"predecessor-version":[{"id":29480,"href":"https:\/\/melindadancecompany.com\/ja\/wp-json\/wp\/v2\/pages\/29478\/revisions\/29480"}],"wp:attachment":[{"href":"https:\/\/melindadancecompany.com\/ja\/wp-json\/wp\/v2\/media?parent=29478"}],"curies":[{"name":"wp","href":"https:\/\/api.w.org\/{rel}","templated":true}]}}